{"id":649,"date":"2024-09-27T17:29:37","date_gmt":"2024-09-27T20:29:37","guid":{"rendered":"https:\/\/redecom.net.br\/?page_id=649"},"modified":"2025-11-18T17:07:24","modified_gmt":"2025-11-18T20:07:24","slug":"locais","status":"publish","type":"page","link":"https:\/\/redecom.net.br\/index.php\/locais\/","title":{"rendered":"LOCAIS"},"content":{"rendered":"\t\t<div data-elementor-type=\"wp-page\" data-elementor-id=\"649\" class=\"elementor elementor-649\" data-elementor-post-type=\"page\">\n\t\t\t\t<div class=\"elementor-element elementor-element-cf12d0b e-con-full e-flex e-con e-parent\" data-id=\"cf12d0b\" data-element_type=\"container\" data-settings=\"{&quot;background_background&quot;:&quot;classic&quot;}\">\n\t\t<div class=\"elementor-element elementor-element-19ffbe4 e-flex e-con-boxed e-con e-child\" data-id=\"19ffbe4\" data-element_type=\"container\" data-settings=\"{&quot;background_background&quot;:&quot;classic&quot;}\">\n\t\t\t\t\t<div class=\"e-con-inner\">\n\t\t\t\t<div class=\"elementor-element elementor-element-8f2861f elementor-widget elementor-widget-heading\" data-id=\"8f2861f\" data-element_type=\"widget\" data-widget_type=\"heading.default\">\n\t\t\t\t<div class=\"elementor-widget-container\">\n\t\t\t\t\t<h2 class=\"elementor-heading-title elementor-size-default\">Confira a localiza\u00e7\u00e3o de nossas centrais:<\/h2>\t\t\t\t<\/div>\n\t\t\t\t<\/div>\n\t\t\t\t\t<\/div>\n\t\t\t\t<\/div>\n\t\t\t\t<\/div>\n\t\t<div class=\"elementor-element elementor-element-be9a01a e-flex e-con-boxed e-con e-parent\" data-id=\"be9a01a\" data-element_type=\"container\" data-settings=\"{&quot;background_background&quot;:&quot;classic&quot;}\">\n\t\t\t\t\t<div class=\"e-con-inner\">\n\t\t<div class=\"elementor-element elementor-element-1e46b32 e-con-full e-flex e-con e-child\" data-id=\"1e46b32\" data-element_type=\"container\">\n\t\t<div class=\"elementor-element elementor-element-8d68f2e e-con-full e-flex e-con e-child\" data-id=\"8d68f2e\" data-element_type=\"container\" data-settings=\"{&quot;background_background&quot;:&quot;classic&quot;}\">\n\t\t\t\t<div class=\"elementor-element elementor-element-ba2bc57 elementor-widget elementor-widget-heading\" data-id=\"ba2bc57\" data-element_type=\"widget\" data-widget_type=\"heading.default\">\n\t\t\t\t<div class=\"elementor-widget-container\">\n\t\t\t\t\t<h2 class=\"elementor-heading-title elementor-size-default\"><a href=\"https:\/\/www.google.com\/maps\/place\/Rede.com+-+Av.+Padre+Zuzinha,+613+-+S%C3%A3o+Crist%C3%B3v%C3%A3o,+Santa+Cruz+do+Capibaribe+-+PE,+55192-000\/data=!4m2!3m1!1s0x7a9746a208506ff:0x152e23a61abebbb?sa=X&#038;ved=1t:242&#038;ictx=111\">Unidade Centro<\/a><\/h2>\t\t\t\t<\/div>\n\t\t\t\t<\/div>\n\t\t\t\t<div class=\"elementor-element elementor-element-7e56812 elementor-widget elementor-widget-heading\" data-id=\"7e56812\" data-element_type=\"widget\" data-widget_type=\"heading.default\">\n\t\t\t\t<div class=\"elementor-widget-container\">\n\t\t\t\t\t<h4 class=\"elementor-heading-title elementor-size-default\"><a href=\"https:\/\/www.google.com\/maps\/place\/Rede.com+-+Av.+Padre+Zuzinha,+613+-+S%C3%A3o+Crist%C3%B3v%C3%A3o,+Santa+Cruz+do+Capibaribe+-+PE,+55192-000\/data=!4m2!3m1!1s0x7a9746a208506ff:0x152e23a61abebbb?sa=X&#038;ved=1t:242&#038;ictx=111\">Av. Padre Zuzinha, 613 - Centro <\/a><\/h4>\t\t\t\t<\/div>\n\t\t\t\t<\/div>\n\t\t\t\t<div class=\"elementor-element elementor-element-88d6f7c elementor-widget elementor-widget-heading\" data-id=\"88d6f7c\" data-element_type=\"widget\" data-widget_type=\"heading.default\">\n\t\t\t\t<div class=\"elementor-widget-container\">\n\t\t\t\t\t<h4 class=\"elementor-heading-title elementor-size-default\"><a href=\"https:\/\/www.google.com\/maps\/place\/Rede.com+-+Av.+Padre+Zuzinha,+613+-+S%C3%A3o+Crist%C3%B3v%C3%A3o,+Santa+Cruz+do+Capibaribe+-+PE,+55192-000\/data=!4m2!3m1!1s0x7a9746a208506ff:0x152e23a61abebbb?sa=X&#038;ved=1t:242&#038;ictx=111\">Santa Cruz do Capibaribe - PE, 55192-000<\/a><\/h4>\t\t\t\t<\/div>\n\t\t\t\t<\/div>\n\t\t\t\t<div class=\"elementor-element elementor-element-7dd6b09 elementor-widget elementor-widget-google_maps\" data-id=\"7dd6b09\" data-element_type=\"widget\" data-widget_type=\"google_maps.default\">\n\t\t\t\t<div class=\"elementor-widget-container\">\n\t\t\t\t\t\t\t<div class=\"elementor-custom-embed\">\n\t\t\t<iframe loading=\"lazy\"\n\t\t\t\t\tsrc=\"https:\/\/maps.google.com\/maps?q=Av.%20Padre%20Zuzinha%2C%20613%20-%20Centro%2C%20Santa%20Cruz%20do%20Capibaribe%20-%20PE%2C%2055192-000&#038;t=m&#038;z=16&#038;output=embed&#038;iwloc=near\"\n\t\t\t\t\ttitle=\"Av. Padre Zuzinha, 613 - Centro, Santa Cruz do Capibaribe - PE, 55192-000\"\n\t\t\t\t\taria-label=\"Av. Padre Zuzinha, 613 - Centro, Santa Cruz do Capibaribe - PE, 55192-000\"\n\t\t\t><\/iframe>\n\t\t<\/div>\n\t\t\t\t\t\t<\/div>\n\t\t\t\t<\/div>\n\t\t\t\t<\/div>\n\t\t\t\t<\/div>\n\t\t<div class=\"elementor-element elementor-element-600a435 e-con-full e-flex e-con e-child\" data-id=\"600a435\" data-element_type=\"container\">\n\t\t<div class=\"elementor-element elementor-element-0a4f378 e-con-full e-flex e-con e-child\" data-id=\"0a4f378\" data-element_type=\"container\" data-settings=\"{&quot;background_background&quot;:&quot;classic&quot;}\">\n\t\t\t\t<div class=\"elementor-element elementor-element-6ba45ed elementor-widget elementor-widget-heading\" data-id=\"6ba45ed\" data-element_type=\"widget\" data-widget_type=\"heading.default\">\n\t\t\t\t<div class=\"elementor-widget-container\">\n\t\t\t\t\t<h2 class=\"elementor-heading-title elementor-size-default\"><a href=\"https:\/\/www.google.com\/maps\/place\/Rua+Juvina+Madalena,+92+-+D,+Taquaritinga+do+Norte+-+PE,+55790-000\/data=!4m2!3m1!1s0x7a976d78b3f5637:0xf909f0c54f5866cf?sa=X&#038;ved=1t:242&#038;ictx=111\">Unidade P\u00e3o de a\u00e7\u00facar<\/a><\/h2>\t\t\t\t<\/div>\n\t\t\t\t<\/div>\n\t\t\t\t<div class=\"elementor-element elementor-element-b67889a elementor-widget elementor-widget-heading\" data-id=\"b67889a\" data-element_type=\"widget\" data-widget_type=\"heading.default\">\n\t\t\t\t<div class=\"elementor-widget-container\">\n\t\t\t\t\t<h4 class=\"elementor-heading-title elementor-size-default\"><a href=\"https:\/\/www.google.com\/maps\/place\/Rua+Juvina+Madalena,+92+-+D,+Taquaritinga+do+Norte+-+PE,+55790-000\/data=!4m2!3m1!1s0x7a976d78b3f5637:0xf909f0c54f5866cf?sa=X&#038;ved=1t:242&#038;ictx=111\">Rua Juvina Madalena, 92 G<\/a><\/h4>\t\t\t\t<\/div>\n\t\t\t\t<\/div>\n\t\t\t\t<div class=\"elementor-element elementor-element-107b879 elementor-widget elementor-widget-heading\" data-id=\"107b879\" data-element_type=\"widget\" data-widget_type=\"heading.default\">\n\t\t\t\t<div class=\"elementor-widget-container\">\n\t\t\t\t\t<h4 class=\"elementor-heading-title elementor-size-default\"><a href=\"https:\/\/www.google.com\/maps\/place\/Rua+Juvina+Madalena,+92+-+D,+Taquaritinga+do+Norte+-+PE,+55790-000\/data=!4m2!3m1!1s0x7a976d78b3f5637:0xf909f0c54f5866cf?sa=X&#038;ved=1t:242&#038;ictx=111\">P\u00e3o de a\u00e7\u00facar<\/a><\/h4>\t\t\t\t<\/div>\n\t\t\t\t<\/div>\n\t\t\t\t<div class=\"elementor-element elementor-element-61374f8 elementor-widget elementor-widget-google_maps\" data-id=\"61374f8\" data-element_type=\"widget\" data-widget_type=\"google_maps.default\">\n\t\t\t\t<div class=\"elementor-widget-container\">\n\t\t\t\t\t\t\t<div class=\"elementor-custom-embed\">\n\t\t\t<iframe loading=\"lazy\"\n\t\t\t\t\tsrc=\"https:\/\/maps.google.com\/maps?q=Rua%20Juvina%20Madalena%2C%2092%20-%20D%2C%20Taquaritinga%20do%20Norte%20-%20PE%2C%2055790-000&#038;t=m&#038;z=16&#038;output=embed&#038;iwloc=near\"\n\t\t\t\t\ttitle=\"Rua Juvina Madalena, 92 - D, Taquaritinga do Norte - PE, 55790-000\"\n\t\t\t\t\taria-label=\"Rua Juvina Madalena, 92 - D, Taquaritinga do Norte - PE, 55790-000\"\n\t\t\t><\/iframe>\n\t\t<\/div>\n\t\t\t\t\t\t<\/div>\n\t\t\t\t<\/div>\n\t\t\t\t<\/div>\n\t\t\t\t<\/div>\n\t\t<div class=\"elementor-element elementor-element-b3d32dd e-con-full e-flex e-con e-child\" data-id=\"b3d32dd\" data-element_type=\"container\">\n\t\t<div class=\"elementor-element elementor-element-8726302 e-con-full e-flex e-con e-child\" data-id=\"8726302\" data-element_type=\"container\" data-settings=\"{&quot;background_background&quot;:&quot;classic&quot;}\">\n\t\t\t\t<div class=\"elementor-element elementor-element-13446d6 elementor-widget elementor-widget-heading\" data-id=\"13446d6\" data-element_type=\"widget\" data-widget_type=\"heading.default\">\n\t\t\t\t<div class=\"elementor-widget-container\">\n\t\t\t\t\t<h2 class=\"elementor-heading-title elementor-size-default\"><a href=\"https:\/\/www.google.com\/maps\/place\/Moda+Center\/@-7.9451631,-36.2291477,17z\/data=!3m2!4b1!5s0x7a976eec0f7d9e5:0xc098f352f928cebd!4m6!3m5!1s0x7a97483b9a9dba9:0x105771402b327258!8m2!3d-7.9451684!4d-36.2265728!16s%2Fg%2F1ptvrqzl3?entry=ttu&#038;g_ep=EgoyMDI1MDYzMC4wIKXMDSoASAFQAw%3D%3D\">Unidade Moda Center<\/a><\/h2>\t\t\t\t<\/div>\n\t\t\t\t<\/div>\n\t\t\t\t<div class=\"elementor-element elementor-element-c4e4e65 elementor-widget elementor-widget-heading\" data-id=\"c4e4e65\" data-element_type=\"widget\" data-widget_type=\"heading.default\">\n\t\t\t\t<div class=\"elementor-widget-container\">\n\t\t\t\t\t<h2 class=\"elementor-heading-title elementor-size-default\"><a href=\"https:\/\/www.google.com\/maps\/place\/Moda+Center\/@-7.9451631,-36.2291477,17z\/data=!3m2!4b1!5s0x7a976eec0f7d9e5:0xc098f352f928cebd!4m6!3m5!1s0x7a97483b9a9dba9:0x105771402b327258!8m2!3d-7.9451684!4d-36.2265728!16s%2Fg%2F1ptvrqzl3?entry=ttu&#038;g_ep=EgoyMDI1MDYzMC4wIKXMDSoASAFQAw%3D%3D\">Setor Verde, Bloco 2 - Loja 14 (Por tr\u00e1s da Loja Tribbus da Guerra)<\/a><\/h2>\t\t\t\t<\/div>\n\t\t\t\t<\/div>\n\t\t\t\t<div class=\"elementor-element elementor-element-3be0d60 elementor-widget elementor-widget-heading\" data-id=\"3be0d60\" data-element_type=\"widget\" data-widget_type=\"heading.default\">\n\t\t\t\t<div class=\"elementor-widget-container\">\n\t\t\t\t\t<h2 class=\"elementor-heading-title elementor-size-default\"><a href=\"https:\/\/www.google.com\/maps\/place\/Moda+Center\/@-7.9451631,-36.2291477,17z\/data=!3m2!4b1!5s0x7a976eec0f7d9e5:0xc098f352f928cebd!4m6!3m5!1s0x7a97483b9a9dba9:0x105771402b327258!8m2!3d-7.9451684!4d-36.2265728!16s%2Fg%2F1ptvrqzl3?entry=ttu&#038;g_ep=EgoyMDI1MDYzMC4wIKXMDSoASAFQAw%3D%3D\">Santa Cruz do Capibaribe<\/a><\/h2>\t\t\t\t<\/div>\n\t\t\t\t<\/div>\n\t\t\t\t<div class=\"elementor-element elementor-element-3f1c075 elementor-widget elementor-widget-google_maps\" data-id=\"3f1c075\" data-element_type=\"widget\" data-widget_type=\"google_maps.default\">\n\t\t\t\t<div class=\"elementor-widget-container\">\n\t\t\t\t\t\t\t<div class=\"elementor-custom-embed\">\n\t\t\t<iframe loading=\"lazy\"\n\t\t\t\t\tsrc=\"https:\/\/maps.google.com\/maps?q=Av.%20Moda%20Center%2C%20SN%20-%20Bela%20Vista%2C%20Santa%20Cruz%20do%20Capibaribe%20-%20PE%2C%2055195-501&#038;t=m&#038;z=15&#038;output=embed&#038;iwloc=near\"\n\t\t\t\t\ttitle=\"Av. Moda Center, SN - Bela Vista, Santa Cruz do Capibaribe - PE, 55195-501\"\n\t\t\t\t\taria-label=\"Av. Moda Center, SN - Bela Vista, Santa Cruz do Capibaribe - PE, 55195-501\"\n\t\t\t><\/iframe>\n\t\t<\/div>\n\t\t\t\t\t\t<\/div>\n\t\t\t\t<\/div>\n\t\t\t\t<\/div>\n\t\t\t\t<\/div>\n\t\t<div class=\"elementor-element elementor-element-7d89de5 e-con-full e-flex e-con e-child\" data-id=\"7d89de5\" data-element_type=\"container\">\n\t\t<div class=\"elementor-element elementor-element-13dbda5 e-con-full e-flex e-con e-child\" data-id=\"13dbda5\" data-element_type=\"container\" data-settings=\"{&quot;background_background&quot;:&quot;classic&quot;}\">\n\t\t\t\t<div class=\"elementor-element elementor-element-e7771aa elementor-widget elementor-widget-heading\" data-id=\"e7771aa\" data-element_type=\"widget\" data-widget_type=\"heading.default\">\n\t\t\t\t<div class=\"elementor-widget-container\">\n\t\t\t\t\t<h2 class=\"elementor-heading-title elementor-size-default\"><a href=\"https:\/\/www.google.com\/maps\/place\/Av.+Pedro+e+Paulo+Alves+da+Rocha,+1458+-+Santa+Cruz+do+Capibaribe,+PE,+55190-000\/@-7.9372707,-36.2206004,17z\/data=!3m1!4b1!4m5!3m4!1s0x7a973824378fa73:0xecc7324cd9fe46d9!8m2!3d-7.937276!4d-36.2180255?entry=ttu&#038;g_ep=EgoyMDI1MDYzMC4wIKXMDSoASAFQAw%3D%3D\">Unidade S\u00e3o Miguel<\/a><\/h2>\t\t\t\t<\/div>\n\t\t\t\t<\/div>\n\t\t\t\t<div class=\"elementor-element elementor-element-df960b5 elementor-widget elementor-widget-heading\" data-id=\"df960b5\" data-element_type=\"widget\" data-widget_type=\"heading.default\">\n\t\t\t\t<div class=\"elementor-widget-container\">\n\t\t\t\t\t<h2 class=\"elementor-heading-title elementor-size-default\"><a href=\"https:\/\/www.google.com\/maps\/place\/Av.+Pedro+e+Paulo+Alves+da+Rocha,+1458+-+Santa+Cruz+do+Capibaribe,+PE,+55190-000\/@-7.9372707,-36.2206004,17z\/data=!3m1!4b1!4m5!3m4!1s0x7a973824378fa73:0xecc7324cd9fe46d9!8m2!3d-7.937276!4d-36.2180255?entry=ttu&#038;g_ep=EgoyMDI1MDYzMC4wIKXMDSoASAFQAw%3D%3D\">Av. Pedro e Paulo Alves da Rocha, 1458 - S\u00e3o Miguel<\/a><\/h2>\t\t\t\t<\/div>\n\t\t\t\t<\/div>\n\t\t\t\t<div class=\"elementor-element elementor-element-ebde06e elementor-widget elementor-widget-heading\" data-id=\"ebde06e\" data-element_type=\"widget\" data-widget_type=\"heading.default\">\n\t\t\t\t<div class=\"elementor-widget-container\">\n\t\t\t\t\t<h2 class=\"elementor-heading-title elementor-size-default\"><a href=\"https:\/\/www.google.com\/maps\/place\/Av.+Pedro+e+Paulo+Alves+da+Rocha,+1458+-+Santa+Cruz+do+Capibaribe,+PE,+55190-000\/@-7.9372707,-36.2206004,17z\/data=!3m1!4b1!4m5!3m4!1s0x7a973824378fa73:0xecc7324cd9fe46d9!8m2!3d-7.937276!4d-36.2180255?entry=ttu&#038;g_ep=EgoyMDI1MDYzMC4wIKXMDSoASAFQAw%3D%3D\">Santa Cruz do Capibaribe<\/a><\/h2>\t\t\t\t<\/div>\n\t\t\t\t<\/div>\n\t\t\t\t<div class=\"elementor-element elementor-element-0e3057f elementor-widget elementor-widget-google_maps\" data-id=\"0e3057f\" data-element_type=\"widget\" data-widget_type=\"google_maps.default\">\n\t\t\t\t<div class=\"elementor-widget-container\">\n\t\t\t\t\t\t\t<div class=\"elementor-custom-embed\">\n\t\t\t<iframe loading=\"lazy\"\n\t\t\t\t\tsrc=\"https:\/\/maps.google.com\/maps?q=Av.%20Pedro%20e%20Paulo%20Alves%20da%20Rocha%2C%201458%20-%20Santa%20Cruz%20do%20Capibaribe%2C%20PE%2C%2055190-000&#038;t=m&#038;z=15&#038;output=embed&#038;iwloc=near\"\n\t\t\t\t\ttitle=\"Av. Pedro e Paulo Alves da Rocha, 1458 - Santa Cruz do Capibaribe, PE, 55190-000\"\n\t\t\t\t\taria-label=\"Av. Pedro e Paulo Alves da Rocha, 1458 - Santa Cruz do Capibaribe, PE, 55190-000\"\n\t\t\t><\/iframe>\n\t\t<\/div>\n\t\t\t\t\t\t<\/div>\n\t\t\t\t<\/div>\n\t\t\t\t<\/div>\n\t\t\t\t<\/div>\n\t\t<div class=\"elementor-element elementor-element-85e519a e-con-full e-flex e-con e-child\" data-id=\"85e519a\" data-element_type=\"container\">\n\t\t<div class=\"elementor-element elementor-element-d5596e2 e-con-full e-flex e-con e-child\" data-id=\"d5596e2\" data-element_type=\"container\" data-settings=\"{&quot;background_background&quot;:&quot;classic&quot;}\">\n\t\t\t\t<div class=\"elementor-element elementor-element-7bd42e5 elementor-widget elementor-widget-heading\" data-id=\"7bd42e5\" data-element_type=\"widget\" data-widget_type=\"heading.default\">\n\t\t\t\t<div class=\"elementor-widget-container\">\n\t\t\t\t\t<h2 class=\"elementor-heading-title elementor-size-default\"><a href=\"https:\/\/www.google.com\/maps\/place\/BR-104,+1730,+Toritama+-+PE,+55125-000\/@-8.0067798,-36.0690444,17z\/data=!3m1!4b1!4m6!3m5!1s0x7a9784774718c03:0xa4719b32fad67de6!8m2!3d-8.0067851!4d-36.0664695!16s%2Fg%2F11jyy0_9tm?entry=ttu&#038;g_ep=EgoyMDI1MDYzMC4wIKXMDSoASAFQAw%3D%3D\">Unidade Parque das Feiras<\/a><\/h2>\t\t\t\t<\/div>\n\t\t\t\t<\/div>\n\t\t\t\t<div class=\"elementor-element elementor-element-620c736 elementor-widget elementor-widget-heading\" data-id=\"620c736\" data-element_type=\"widget\" data-widget_type=\"heading.default\">\n\t\t\t\t<div class=\"elementor-widget-container\">\n\t\t\t\t\t<h2 class=\"elementor-heading-title elementor-size-default\"><a href=\"https:\/\/www.google.com\/maps\/place\/BR-104,+1730,+Toritama+-+PE,+55125-000\/@-8.0067798,-36.0690444,17z\/data=!3m1!4b1!4m6!3m5!1s0x7a9784774718c03:0xa4719b32fad67de6!8m2!3d-8.0067851!4d-36.0664695!16s%2Fg%2F11jyy0_9tm?entry=ttu&#038;g_ep=EgoyMDI1MDYzMC4wIKXMDSoASAFQAw%3D%3D\">Terceira etapa, Loja 296 (Pr\u00f3xima \u00e0 pra\u00e7a de alimenta\u00e7\u00e3o) - Parque das Feiras<\/a><\/h2>\t\t\t\t<\/div>\n\t\t\t\t<\/div>\n\t\t\t\t<div class=\"elementor-element elementor-element-056d870 elementor-widget elementor-widget-heading\" data-id=\"056d870\" data-element_type=\"widget\" data-widget_type=\"heading.default\">\n\t\t\t\t<div class=\"elementor-widget-container\">\n\t\t\t\t\t<h2 class=\"elementor-heading-title elementor-size-default\"><a href=\"https:\/\/www.google.com\/maps\/place\/BR-104,+1730,+Toritama+-+PE,+55125-000\/@-8.0067798,-36.0690444,17z\/data=!3m1!4b1!4m6!3m5!1s0x7a9784774718c03:0xa4719b32fad67de6!8m2!3d-8.0067851!4d-36.0664695!16s%2Fg%2F11jyy0_9tm?entry=ttu&#038;g_ep=EgoyMDI1MDYzMC4wIKXMDSoASAFQAw%3D%3D\">Toritama<\/a><\/h2>\t\t\t\t<\/div>\n\t\t\t\t<\/div>\n\t\t\t\t<div class=\"elementor-element elementor-element-b18f378 elementor-widget elementor-widget-google_maps\" data-id=\"b18f378\" data-element_type=\"widget\" data-widget_type=\"google_maps.default\">\n\t\t\t\t<div class=\"elementor-widget-container\">\n\t\t\t\t\t\t\t<div class=\"elementor-custom-embed\">\n\t\t\t<iframe loading=\"lazy\"\n\t\t\t\t\tsrc=\"https:\/\/maps.google.com\/maps?q=BR-104%2C%201730%2C%20Toritama%20-%20PE%2C%2055125-000&#038;t=m&#038;z=15&#038;output=embed&#038;iwloc=near\"\n\t\t\t\t\ttitle=\"BR-104, 1730, Toritama - PE, 55125-000\"\n\t\t\t\t\taria-label=\"BR-104, 1730, Toritama - PE, 55125-000\"\n\t\t\t><\/iframe>\n\t\t<\/div>\n\t\t\t\t\t\t<\/div>\n\t\t\t\t<\/div>\n\t\t\t\t<\/div>\n\t\t\t\t<\/div>\n\t\t\t\t\t<\/div>\n\t\t\t\t<\/div>\n\t\t<div class=\"elementor-element elementor-element-02f841a e-flex e-con-boxed e-con e-parent\" data-id=\"02f841a\" data-element_type=\"container\" data-settings=\"{&quot;background_background&quot;:&quot;classic&quot;}\">\n\t\t\t\t\t<div class=\"e-con-inner\">\n\t\t<div class=\"elementor-element elementor-element-46bb3d9 e-con-full e-flex e-con e-child\" data-id=\"46bb3d9\" data-element_type=\"container\">\n\t\t\t\t<div class=\"elementor-element elementor-element-1ed460a elementor-widget elementor-widget-image\" data-id=\"1ed460a\" data-element_type=\"widget\" data-settings=\"{&quot;motion_fx_motion_fx_mouse&quot;:&quot;yes&quot;,&quot;motion_fx_mouseTrack_effect&quot;:&quot;yes&quot;,&quot;motion_fx_mouseTrack_speed&quot;:{&quot;unit&quot;:&quot;px&quot;,&quot;size&quot;:2,&quot;sizes&quot;:[]}}\" data-widget_type=\"image.default\">\n\t\t\t\t<div class=\"elementor-widget-container\">\n\t\t\t\t\t\t\t\t\t\t\t\t\t\t\t<img fetchpriority=\"high\" decoding=\"async\" width=\"332\" height=\"384\" src=\"https:\/\/redecom.net.br\/wp-content\/uploads\/2025\/07\/byte.png\" class=\"attachment-full size-full wp-image-809\" alt=\"\" srcset=\"https:\/\/redecom.net.br\/wp-content\/uploads\/2025\/07\/byte.png 332w, https:\/\/redecom.net.br\/wp-content\/uploads\/2025\/07\/byte-259x300.png 259w\" sizes=\"(max-width: 332px) 100vw, 332px\" \/>\t\t\t\t\t\t\t\t\t\t\t\t\t\t\t<\/div>\n\t\t\t\t<\/div>\n\t\t\t\t<\/div>\n\t\t<div class=\"elementor-element elementor-element-e0e7136 e-con-full e-flex e-con e-child\" data-id=\"e0e7136\" data-element_type=\"container\">\n\t\t\t\t<div class=\"elementor-element elementor-element-ec9cfcb elementor-widget elementor-widget-heading\" data-id=\"ec9cfcb\" data-element_type=\"widget\" data-widget_type=\"heading.default\">\n\t\t\t\t<div class=\"elementor-widget-container\">\n\t\t\t\t\t<h2 class=\"elementor-heading-title elementor-size-default\">Escolha a unidade que melhor te atende e venha para a Rede.Com!<\/h2>\t\t\t\t<\/div>\n\t\t\t\t<\/div>\n\t\t\t\t<div class=\"elementor-element elementor-element-05371dd elementor-widget elementor-widget-heading\" data-id=\"05371dd\" data-element_type=\"widget\" data-widget_type=\"heading.default\">\n\t\t\t\t<div class=\"elementor-widget-container\">\n\t\t\t\t\t<h5 class=\"elementor-heading-title elementor-size-default\">Unidades pensadas para facilitar o seu acesso aos nossos servi\u00e7os.<\/h5>\t\t\t\t<\/div>\n\t\t\t\t<\/div>\n\t\t\t\t<\/div>\n\t\t\t\t\t<\/div>\n\t\t\t\t<\/div>\n\t\t\t\t<\/div>\n\t\t","protected":false},"excerpt":{"rendered":"<p>Confira a localiza\u00e7\u00e3o de nossas centrais: Unidade Centro Av. Padre Zuzinha, 613 &#8211; Centro Santa Cruz do Capibaribe &#8211; PE, 55192-000 Unidade P\u00e3o de a\u00e7\u00facar Rua Juvina Madalena, 92 G P\u00e3o de a\u00e7\u00facar Unidade Moda Center Setor Verde, Bloco 2 &#8211; Loja 14 (Por tr\u00e1s da Loja Tribbus da Guerra) Santa Cruz do Capibaribe Unidade [&hellip;]<\/p>\n","protected":false},"author":1,"featured_media":0,"parent":0,"menu_order":0,"comment_status":"closed","ping_status":"closed","template":"elementor_header_footer","meta":{"footnotes":""},"class_list":["post-649","page","type-page","status-publish","hentry"],"_hostinger_reach_plugin_has_subscription_block":false,"_hostinger_reach_plugin_is_elementor":false,"_links":{"self":[{"href":"https:\/\/redecom.net.br\/index.php\/wp-json\/wp\/v2\/pages\/649","targetHints":{"allow":["GET"]}}],"collection":[{"href":"https:\/\/redecom.net.br\/index.php\/wp-json\/wp\/v2\/pages"}],"about":[{"href":"https:\/\/redecom.net.br\/index.php\/wp-json\/wp\/v2\/types\/page"}],"author":[{"embeddable":true,"href":"https:\/\/redecom.net.br\/index.php\/wp-json\/wp\/v2\/users\/1"}],"replies":[{"embeddable":true,"href":"https:\/\/redecom.net.br\/index.php\/wp-json\/wp\/v2\/comments?post=649"}],"version-history":[{"count":88,"href":"https:\/\/redecom.net.br\/index.php\/wp-json\/wp\/v2\/pages\/649\/revisions"}],"predecessor-version":[{"id":1559,"href":"https:\/\/redecom.net.br\/index.php\/wp-json\/wp\/v2\/pages\/649\/revisions\/1559"}],"wp:attachment":[{"href":"https:\/\/redecom.net.br\/index.php\/wp-json\/wp\/v2\/media?parent=649"}],"curies":[{"name":"wp","href":"https:\/\/api.w.org\/{rel}","templated":true}]}}